{"id":25287,"date":"2025-03-24T21:13:12","date_gmt":"2025-03-24T21:13:12","guid":{"rendered":"https:\/\/cuartoscostarica.com\/pension-bellotas\/?page_id=25287"},"modified":"2025-09-01T18:53:30","modified_gmt":"2025-09-01T18:53:30","slug":"ubicacion","status":"publish","type":"page","link":"https:\/\/cuartoscostarica.com\/pension-bellotas\/ubicacion\/","title":{"rendered":"Ubicaci\u00f3n"},"content":{"rendered":"\t\t<div data-elementor-type=\"wp-page\" data-elementor-id=\"25287\" class=\"elementor elementor-25287\" data-elementor-post-type=\"page\">\n\t\t\t\t<div class=\"elementor-element elementor-element-dc2c86f e-flex e-con-boxed e-con e-parent\" data-id=\"dc2c86f\" data-element_type=\"container\" data-settings=\"{&quot;background_background&quot;:&quot;classic&quot;}\">\n\t\t\t\t\t<div class=\"e-con-inner\">\n\t\t\t\t<div class=\"elementor-element elementor-element-f703ea1 elementor-widget__width-initial elementor-widget elementor-widget-heading\" data-id=\"f703ea1\" data-element_type=\"widget\" data-widget_type=\"heading.default\">\n\t\t\t\t<div class=\"elementor-widget-container\">\n\t\t\t\t\t<h1 class=\"elementor-heading-title elementor-size-default\">Ubicaci\u00f3n de Pensi\u00f3n Bellotas<\/h1>\t\t\t\t<\/div>\n\t\t\t\t<\/div>\n\t\t\t\t\t<\/div>\n\t\t\t\t<\/div>\n\t\t<div class=\"elementor-element elementor-element-b0dc89b e-flex e-con-boxed e-con e-parent\" data-id=\"b0dc89b\" data-element_type=\"container\">\n\t\t\t\t\t<div class=\"e-con-inner\">\n\t\t\t\t<div class=\"elementor-element elementor-element-18b6056 elementor-widget elementor-widget-heading\" data-id=\"18b6056\" data-element_type=\"widget\" data-widget_type=\"heading.default\">\n\t\t\t\t<div class=\"elementor-widget-container\">\n\t\t\t\t\t<h2 class=\"elementor-heading-title elementor-size-default\">Ubicaci\u00f3n Exacta<\/h2>\t\t\t\t<\/div>\n\t\t\t\t<\/div>\n\t\t\t\t<div class=\"elementor-element elementor-element-5d4dfa6 elementor-widget elementor-widget-text-editor\" data-id=\"5d4dfa6\" data-element_type=\"widget\" data-widget_type=\"text-editor.default\">\n\t\t\t\t<div class=\"elementor-widget-container\">\n\t\t\t\t\t\t\t\t\t<p>La Ubicaci\u00f3n de Pensi\u00f3n Bellotas m\u00e1s exacta a lo Tico ser\u00eda:<\/p><p>La Aurora de Alajuelita, Urbanizaci\u00f3n las Bellotas, frente a Super Bellotas. O del terminal de buses de la Aurora, 200m hacia el este.<\/p><p>Estamos en Google Maps, Uber y Waze bajo el nombre de Pensi\u00f3n Bellotas.<\/p>\t\t\t\t\t\t\t\t<\/div>\n\t\t\t\t<\/div>\n\t\t\t\t<div class=\"elementor-element elementor-element-3a5e1c6 elementor-widget elementor-widget-google_maps\" data-id=\"3a5e1c6\" data-element_type=\"widget\" data-widget_type=\"google_maps.default\">\n\t\t\t\t<div class=\"elementor-widget-container\">\n\t\t\t\t\t\t\t<div class=\"elementor-custom-embed\">\n\t\t\t<iframe loading=\"lazy\"\n\t\t\t\t\tsrc=\"https:\/\/maps.google.com\/maps?q=Pension%20Bellotas&#038;t=m&#038;z=13&#038;output=embed&#038;iwloc=near\"\n\t\t\t\t\ttitle=\"Pension Bellotas\"\n\t\t\t\t\taria-label=\"Pension Bellotas\"\n\t\t\t><\/iframe>\n\t\t<\/div>\n\t\t\t\t\t\t<\/div>\n\t\t\t\t<\/div>\n\t\t\t\t\t<\/div>\n\t\t\t\t<\/div>\n\t\t<div class=\"elementor-element elementor-element-00e7b94 e-flex e-con-boxed e-con e-parent\" data-id=\"00e7b94\" data-element_type=\"container\" data-settings=\"{&quot;background_background&quot;:&quot;classic&quot;}\">\n\t\t\t\t\t<div class=\"e-con-inner\">\n\t\t\t\t<div class=\"elementor-element elementor-element-3964ab4 elementor-widget elementor-widget-heading\" data-id=\"3964ab4\" data-element_type=\"widget\" data-widget_type=\"heading.default\">\n\t\t\t\t<div class=\"elementor-widget-container\">\n\t\t\t\t\t<h2 class=\"elementor-heading-title elementor-size-default\">Sobre La Aurora de Alajuelita<\/h2>\t\t\t\t<\/div>\n\t\t\t\t<\/div>\n\t\t\t\t<div class=\"elementor-element elementor-element-1eadcdd elementor-widget elementor-widget-text-editor\" data-id=\"1eadcdd\" data-element_type=\"widget\" data-widget_type=\"text-editor.default\">\n\t\t\t\t<div class=\"elementor-widget-container\">\n\t\t\t\t\t\t\t\t\t<p>Aunque La Aurora de Alajuelita tiene una reputaci\u00f3n por inseguridad, conozco personalmente a mucha m\u00e1s gente que ha sido asaltada en el centro de San Jos\u00e9 que aqu\u00ed en el Barrio.<\/p><p>De hecho, no conozco a nadie que haya sido asaltado en el barrio.<\/p><p>Hay zonas de La Aurora que son problem\u00e1ticas por disputas sobre territorio entre bandas de narcos. Pero por dicha, donde est\u00e1 ubicada la Pensi\u00f3n Bellotas es una zona muy tranquila y segura.<\/p><p>La pensi\u00f3n est\u00e1 ubicada en una calle principal bastante transitada, donde est\u00e1 el terminal de buses, hay dos supermercados y una panader\u00eda.<\/p>\t\t\t\t\t\t\t\t<\/div>\n\t\t\t\t<\/div>\n\t\t\t\t<div class=\"elementor-element elementor-element-2432321 elementor-widget elementor-widget-heading\" data-id=\"2432321\" data-element_type=\"widget\" data-widget_type=\"heading.default\">\n\t\t\t\t<div class=\"elementor-widget-container\">\n\t\t\t\t\t<h4 class=\"elementor-heading-title elementor-size-default\">Qu\u00e9 hay cerca?<\/h4>\t\t\t\t<\/div>\n\t\t\t\t<\/div>\n\t\t\t\t<div class=\"elementor-element elementor-element-9eb820f elementor-widget elementor-widget-text-editor\" data-id=\"9eb820f\" data-element_type=\"widget\" data-widget_type=\"text-editor.default\">\n\t\t\t\t<div class=\"elementor-widget-container\">\n\t\t\t\t\t\t\t\t\t<p>Una ventaja muy grande es que la Pensi\u00f3n Bellotas est\u00e1 a tan solo 150 metros de la terminal de buses que permite f\u00e1cil acceso a San Jos\u00e9.<\/p><p>Adem\u00e1s hay supermercados, panader\u00edas y comida r\u00e1pida (pollo frito, pizza y otros) muy cerca (a menos de 300 metros). Algunas de mis favoritos son <a href=\"https:\/\/maps.app.goo.gl\/cN9vjHEPgwLi9Brh7\" target=\"_blank\" rel=\"noopener\">soda Likhit<\/a> para papas fritas y burritos y <a href=\"https:\/\/maps.app.goo.gl\/eatyVX5Q3jkH7Afp7\" target=\"_blank\" rel=\"noopener\">panader\u00eda &#8216;El Hornito de Nela&#8217;<\/a>.<\/p><p>Un poco m\u00e1s lejos est\u00e1 el Pali y hay un <a href=\"https:\/\/tienda.pequenomundo.com\/\" target=\"_blank\" rel=\"noopener\">Peque\u00f1o Mundo<\/a> a 1km.<\/p>\t\t\t\t\t\t\t\t<\/div>\n\t\t\t\t<\/div>\n\t\t\t\t<div class=\"elementor-element elementor-element-c86238e elementor-arrows-position-inside elementor-pagination-position-outside elementor-widget elementor-widget-image-carousel\" data-id=\"c86238e\" data-element_type=\"widget\" data-settings=\"{&quot;slides_to_show&quot;:&quot;1&quot;,&quot;navigation&quot;:&quot;both&quot;,&quot;autoplay&quot;:&quot;yes&quot;,&quot;pause_on_hover&quot;:&quot;yes&quot;,&quot;pause_on_interaction&quot;:&quot;yes&quot;,&quot;autoplay_speed&quot;:5000,&quot;infinite&quot;:&quot;yes&quot;,&quot;effect&quot;:&quot;slide&quot;,&quot;speed&quot;:500}\" data-widget_type=\"image-carousel.default\">\n\t\t\t\t<div class=\"elementor-widget-container\">\n\t\t\t\t\t\t\t<div class=\"elementor-image-carousel-wrapper swiper\" role=\"region\" aria-roledescription=\"carousel\" aria-label=\"Image Carousel\" dir=\"ltr\">\n\t\t\t<div class=\"elementor-image-carousel swiper-wrapper\" aria-live=\"off\">\n\t\t\t\t\t\t\t\t<div class=\"swiper-slide\" role=\"group\" aria-roledescription=\"slide\" aria-label=\"1 of 4\"><figure class=\"swiper-slide-inner\"><img decoding=\"async\" class=\"swiper-slide-image\" src=\"https:\/\/cuartoscostarica.com\/wp-content\/uploads\/2025\/04\/supermax-aurora01-90.webp\" alt=\"Super Max Aurora\" \/><figcaption class=\"elementor-image-carousel-caption\">Super Max Aurora<\/figcaption><\/figure><\/div><div class=\"swiper-slide\" role=\"group\" aria-roledescription=\"slide\" aria-label=\"2 of 4\"><figure class=\"swiper-slide-inner\"><img decoding=\"async\" class=\"swiper-slide-image\" src=\"https:\/\/cuartoscostarica.com\/wp-content\/uploads\/2025\/04\/supermax-aurora02-90.webp\" alt=\"Super Max Aurora\" \/><figcaption class=\"elementor-image-carousel-caption\">Super Max Aurora<\/figcaption><\/figure><\/div><div class=\"swiper-slide\" role=\"group\" aria-roledescription=\"slide\" aria-label=\"3 of 4\"><figure class=\"swiper-slide-inner\"><img decoding=\"async\" class=\"swiper-slide-image\" src=\"https:\/\/cuartoscostarica.com\/wp-content\/uploads\/2025\/04\/panaderia-nela-aurora-90.webp\" alt=\"Panader\u00eda \u2018El Hornito de Nela\u2019\" \/><figcaption class=\"elementor-image-carousel-caption\">Panader\u00eda \u2018El Hornito de Nela\u2019<\/figcaption><\/figure><\/div><div class=\"swiper-slide\" role=\"group\" aria-roledescription=\"slide\" aria-label=\"4 of 4\"><figure class=\"swiper-slide-inner\"><img decoding=\"async\" class=\"swiper-slide-image\" src=\"https:\/\/cuartoscostarica.com\/wp-content\/uploads\/2025\/04\/pequeno-mundo-alajuelita-90.webp\" alt=\"Peque\u00f1o Mundo\" \/><figcaption class=\"elementor-image-carousel-caption\">Peque\u00f1o Mundo<\/figcaption><\/figure><\/div>\t\t\t<\/div>\n\t\t\t\t\t\t\t\t\t\t\t\t<div class=\"elementor-swiper-button elementor-swiper-button-prev\" role=\"button\" tabindex=\"0\">\n\t\t\t\t\t\t<svg aria-hidden=\"true\" class=\"e-font-icon-svg e-eicon-chevron-left\" viewBox=\"0 0 1000 1000\" xmlns=\"http:\/\/www.w3.org\/2000\/svg\"><path d=\"M646 125C629 125 613 133 604 142L308 442C296 454 292 471 292 487 292 504 296 521 308 533L604 854C617 867 629 875 646 875 663 875 679 871 692 858 704 846 713 829 713 812 713 796 708 779 692 767L438 487 692 225C700 217 708 204 708 187 708 171 704 154 692 142 675 129 663 125 646 125Z\"><\/path><\/svg>\t\t\t\t\t<\/div>\n\t\t\t\t\t<div class=\"elementor-swiper-button elementor-swiper-button-next\" role=\"button\" tabindex=\"0\">\n\t\t\t\t\t\t<svg aria-hidden=\"true\" class=\"e-font-icon-svg e-eicon-chevron-right\" viewBox=\"0 0 1000 1000\" xmlns=\"http:\/\/www.w3.org\/2000\/svg\"><path d=\"M696 533C708 521 713 504 713 487 713 471 708 454 696 446L400 146C388 133 375 125 354 125 338 125 325 129 313 142 300 154 292 171 292 187 292 204 296 221 308 233L563 492 304 771C292 783 288 800 288 817 288 833 296 850 308 863 321 871 338 875 354 875 371 875 388 867 400 854L696 533Z\"><\/path><\/svg>\t\t\t\t\t<\/div>\n\t\t\t\t\n\t\t\t\t\t\t\t\t\t<div class=\"swiper-pagination\"><\/div>\n\t\t\t\t\t\t\t\t\t<\/div>\n\t\t\t\t\t\t<\/div>\n\t\t\t\t<\/div>\n\t\t\t\t<div class=\"elementor-element elementor-element-eba2a34 elementor-widget elementor-widget-heading\" data-id=\"eba2a34\" data-element_type=\"widget\" data-widget_type=\"heading.default\">\n\t\t\t\t<div class=\"elementor-widget-container\">\n\t\t\t\t\t<h4 class=\"elementor-heading-title elementor-size-default\">Accesos<\/h4>\t\t\t\t<\/div>\n\t\t\t\t<\/div>\n\t\t\t\t<div class=\"elementor-element elementor-element-fba9e93 elementor-widget elementor-widget-text-editor\" data-id=\"fba9e93\" data-element_type=\"widget\" data-widget_type=\"text-editor.default\">\n\t\t\t\t<div class=\"elementor-widget-container\">\n\t\t\t\t\t\t\t\t\t<p>Pensi\u00f3n Bellotas est\u00e1 cerca de Escaz\u00fa, La Sabana, Pavas y Rohrmoser, y por lo tanto es un lugar estrat\u00e9gico para alquiler un cuarto a precio c\u00f3modo que est\u00e1 cerca de su trabajo.<\/p><p>Hay buses hacia San Jos\u00e9 y hacia Los Anonos.<\/p>\t\t\t\t\t\t\t\t<\/div>\n\t\t\t\t<\/div>\n\t\t\t\t\t<\/div>\n\t\t\t\t<\/div>\n\t\t<div class=\"elementor-element elementor-element-ea773d7 e-flex e-con-boxed e-con e-parent\" data-id=\"ea773d7\" data-element_type=\"container\">\n\t\t\t\t\t<div class=\"e-con-inner\">\n\t\t\t\t<div class=\"elementor-element elementor-element-45fbf77 elementor-widget elementor-widget-heading\" data-id=\"45fbf77\" data-element_type=\"widget\" data-widget_type=\"heading.default\">\n\t\t\t\t<div class=\"elementor-widget-container\">\n\t\t\t\t\t<h2 class=\"elementor-heading-title elementor-size-default\">\u00bfC\u00f3mo llegar en Bus?<\/h2>\t\t\t\t<\/div>\n\t\t\t\t<\/div>\n\t\t\t\t<div class=\"elementor-element elementor-element-1244085 elementor-widget elementor-widget-text-editor\" data-id=\"1244085\" data-element_type=\"widget\" data-widget_type=\"text-editor.default\">\n\t\t\t\t<div class=\"elementor-widget-container\">\n\t\t\t\t\t\t\t\t\t<p>Ruta San Jos\u00e9 &#8211; La Aurora, Alajuelita<\/p><p>El bus sale en la esquina de Av. 4 y calle 8 (<a href=\"https:\/\/maps.app.goo.gl\/B8pkUm5H5vkRpDELA\" target=\"_blank\" rel=\"noopener\">est\u00e1 marcada en Google Maps como \u2018Parada De Buses De La Aurora De Alajuelita\u2019<\/a>).<\/p><p>\u200bSe puede tomar el bus hasta la \u00daLTIMA parada en la urbanizaci\u00f3n Bellotas. El bus hace la \u00faltima parada en frente de la propiedad.<\/p><p>\u200bEl terminal de los buses es a la salida de la Urbanizaci\u00f3n, donde salen hacia San Jos\u00e9.<\/p><p>En la ma\u00f1ana hay buses directos que en 30 minutos llegan al centro de San Jos\u00e9.<\/p>\t\t\t\t\t\t\t\t<\/div>\n\t\t\t\t<\/div>\n\t\t\t\t<div class=\"elementor-element elementor-element-bd6b70b elementor-widget elementor-widget-heading\" data-id=\"bd6b70b\" data-element_type=\"widget\" data-widget_type=\"heading.default\">\n\t\t\t\t<div class=\"elementor-widget-container\">\n\t\t\t\t\t<h4 class=\"elementor-heading-title elementor-size-default\">Horario:<\/h4>\t\t\t\t<\/div>\n\t\t\t\t<\/div>\n\t\t\t\t<div class=\"elementor-element elementor-element-fe0a7d1 elementor-widget elementor-widget-text-editor\" data-id=\"fe0a7d1\" data-element_type=\"widget\" data-widget_type=\"text-editor.default\">\n\t\t\t\t<div class=\"elementor-widget-container\">\n\t\t\t\t\t\t\t\t\t<p>Primer bus saliendo de Aurora:<br \/>Entre semana &#8211; 3.50 am<br \/>S\u00e1bado &#8211; 3.50 am<br \/>Domingo &#8211; 4.20 am<\/p><p>\u00daltimo bus saliendo de San Jos\u00e9 a Aurora:<br \/>Todos los d\u00edas &#8211; 11 pm<\/p><p>\u00daltimo bus saliendo de Aurora a San Jos\u00e9 :<br \/>Todos los d\u00edas &#8211; 10.20 pm<\/p>\t\t\t\t\t\t\t\t<\/div>\n\t\t\t\t<\/div>\n\t\t\t\t<div class=\"elementor-element elementor-element-18431b9 elementor-widget elementor-widget-heading\" data-id=\"18431b9\" data-element_type=\"widget\" data-widget_type=\"heading.default\">\n\t\t\t\t<div class=\"elementor-widget-container\">\n\t\t\t\t\t<h4 class=\"elementor-heading-title elementor-size-default\">Precio:<\/h4>\t\t\t\t<\/div>\n\t\t\t\t<\/div>\n\t\t\t\t<div class=\"elementor-element elementor-element-13fd733 elementor-widget elementor-widget-text-editor\" data-id=\"13fd733\" data-element_type=\"widget\" data-widget_type=\"text-editor.default\">\n\t\t\t\t<div class=\"elementor-widget-container\">\n\t\t\t\t\t\t\t\t\t<p>Cuesta s\u00f3lo 315 colones<\/p>\t\t\t\t\t\t\t\t<\/div>\n\t\t\t\t<\/div>\n\t\t\t\t\t<\/div>\n\t\t\t\t<\/div>\n\t\t<div class=\"elementor-element elementor-element-e78eb27 e-flex e-con-boxed e-con e-parent\" data-id=\"e78eb27\" data-element_type=\"container\" data-settings=\"{&quot;background_background&quot;:&quot;classic&quot;}\">\n\t\t\t\t\t<div class=\"e-con-inner\">\n\t\t<div class=\"elementor-element elementor-element-b085a58 e-con-full e-flex e-con e-child\" data-id=\"b085a58\" data-element_type=\"container\">\n\t\t\t\t<div class=\"elementor-element elementor-element-13ec0a1 elementor-widget elementor-widget-heading\" data-id=\"13ec0a1\" data-element_type=\"widget\" data-widget_type=\"heading.default\">\n\t\t\t\t<div class=\"elementor-widget-container\">\n\t\t\t\t\t<h1 class=\"elementor-heading-title elementor-size-default\">Quieres alquilar un cuarto en Pensi\u00f3n Bellotas?<\/h1>\t\t\t\t<\/div>\n\t\t\t\t<\/div>\n\t\t\t\t<div class=\"elementor-element elementor-element-ee203e9 elementor-widget elementor-widget-text-editor\" data-id=\"ee203e9\" data-element_type=\"widget\" data-widget_type=\"text-editor.default\">\n\t\t\t\t<div class=\"elementor-widget-container\">\n\t\t\t\t\t\t\t\t\t<ol><li><a href=\"https:\/\/cuartoscostarica.com\/pension-bellotas\/informacion\/\">Revisa la informaci\u00f3n sobre la Pensi\u00f3n.<\/a><\/li><li><a href=\"https:\/\/cuartoscostarica.com\/pension-bellotas\/precio\/\">Revisa las condiciones del alquiler.<\/a><\/li><li><a href=\"https:\/\/cuartoscostarica.com\/pension-bellotas\/reglamento\/\">Lee atentamente el reglamento.<\/a><\/li><\/ol>\t\t\t\t\t\t\t\t<\/div>\n\t\t\t\t<\/div>\n\t\t\t\t<div class=\"elementor-element elementor-element-7d97e43 elementor-widget elementor-widget-text-editor\" data-id=\"7d97e43\" data-element_type=\"widget\" data-widget_type=\"text-editor.default\">\n\t\t\t\t<div class=\"elementor-widget-container\">\n\t\t\t\t\t\t\t\t\t<p>Despu\u00e9s de revisar <strong>TODA<\/strong> la informaci\u00f3n y asegurar que tienes inter\u00e9s en alquilar un cuarto en Pensi\u00f3n Bellotas, con gusto nos escribe por WhatsApp.<\/p>\t\t\t\t\t\t\t\t<\/div>\n\t\t\t\t<\/div>\n\t\t\t\t<div class=\"elementor-element elementor-element-178c382 elementor-widget elementor-widget-image\" data-id=\"178c382\" data-element_type=\"widget\" data-widget_type=\"image.default\">\n\t\t\t\t<div class=\"elementor-widget-container\">\n\t\t\t\t\t\t\t\t\t\t\t\t\t\t\t\t<a href=\"https:\/\/wa.me\/50688082999\" target=\"_blank\" rel=\"noopener\">\n\t\t\t\t\t\t\t<img decoding=\"async\" width=\"150\" height=\"150\" src=\"https:\/\/cuartoscostarica.com\/wp-content\/uploads\/2025\/03\/Whatsapp-logo-medium.avif\" class=\"attachment-full size-full wp-image-25380\" alt=\"Logo de WhatsApp\" \/>\t\t\t\t\t\t\t\t<\/a>\n\t\t\t\t\t\t\t\t\t\t\t\t\t\t\t<\/div>\n\t\t\t\t<\/div>\n\t\t\t\t<\/div>\n\t\t\t\t\t<\/div>\n\t\t\t\t<\/div>\n\t\t\t\t<\/div>\n\t\t","protected":false},"excerpt":{"rendered":"<p>Ubicaci\u00f3n de Pensi\u00f3n Bellotas Ubicaci\u00f3n Exacta La Ubicaci\u00f3n de Pensi\u00f3n Bellotas m\u00e1s exacta a lo Tico ser\u00eda: La Aurora de Alajuelita, Urbanizaci\u00f3n las Bellotas, frente a Super Bellotas. O del terminal de buses de la Aurora, 200m hacia el este. Estamos en Google Maps, Uber y Waze bajo el nombre de Pensi\u00f3n Bellotas. Sobre La [&hellip;]<\/p>\n","protected":false},"author":2,"featured_media":0,"parent":0,"menu_order":0,"comment_status":"closed","ping_status":"closed","template":"","meta":{"site-sidebar-layout":"no-sidebar","site-content-layout":"page-builder","ast-site-content-layout":"full-width-container","site-content-style":"default","site-sidebar-style":"default","ast-global-header-display":"","ast-banner-title-visibility":"","ast-main-header-display":"","ast-hfb-above-header-display":"","ast-hfb-below-header-display":"","ast-hfb-mobile-header-display":"","site-post-title":"disabled","ast-breadcrumbs-content":"","ast-featured-img":"disabled","footer-sml-layout":"","theme-transparent-header-meta":"","adv-header-id-meta":"","stick-header-meta":"","header-above-stick-meta":"","header-main-stick-meta":"","header-below-stick-meta":"","astra-migrate-meta-layouts":"set","ast-page-background-enabled":"default","ast-page-background-meta":{"desktop":{"background-color":"","background-image":"","background-repeat":"repeat","background-position":"center center","background-size":"auto","background-attachment":"scroll","background-type":"","background-media":"","overlay-type":"","overlay-color":"","overlay-opacity":"","overlay-gradient":""},"tablet":{"background-color":"","background-image":"","background-repeat":"repeat","background-position":"center center","background-size":"auto","background-attachment":"scroll","background-type":"","background-media":"","overlay-type":"","overlay-color":"","overlay-opacity":"","overlay-gradient":""},"mobile":{"background-color":"","background-image":"","background-repeat":"repeat","background-position":"center center","background-size":"auto","background-attachment":"scroll","background-type":"","background-media":"","overlay-type":"","overlay-color":"","overlay-opacity":"","overlay-gradient":""}},"ast-content-background-meta":{"desktop":{"background-color":"var(--ast-global-color-5)","background-image":"","background-repeat":"repeat","background-position":"center center","background-size":"auto","background-attachment":"scroll","background-type":"","background-media":"","overlay-type":"","overlay-color":"","overlay-opacity":"","overlay-gradient":""},"tablet":{"background-color":"var(--ast-global-color-5)","background-image":"","background-repeat":"repeat","background-position":"center center","background-size":"auto","background-attachment":"scroll","background-type":"","background-media":"","overlay-type":"","overlay-color":"","overlay-opacity":"","overlay-gradient":""},"mobile":{"background-color":"var(--ast-global-color-5)","background-image":"","background-repeat":"repeat","background-position":"center center","background-size":"auto","background-attachment":"scroll","background-type":"","background-media":"","overlay-type":"","overlay-color":"","overlay-opacity":"","overlay-gradient":""}},"footnotes":""},"class_list":["post-25287","page","type-page","status-publish","hentry"],"_links":{"self":[{"href":"https:\/\/cuartoscostarica.com\/pension-bellotas\/wp-json\/wp\/v2\/pages\/25287","targetHints":{"allow":["GET"]}}],"collection":[{"href":"https:\/\/cuartoscostarica.com\/pension-bellotas\/wp-json\/wp\/v2\/pages"}],"about":[{"href":"https:\/\/cuartoscostarica.com\/pension-bellotas\/wp-json\/wp\/v2\/types\/page"}],"author":[{"embeddable":true,"href":"https:\/\/cuartoscostarica.com\/pension-bellotas\/wp-json\/wp\/v2\/users\/2"}],"replies":[{"embeddable":true,"href":"https:\/\/cuartoscostarica.com\/pension-bellotas\/wp-json\/wp\/v2\/comments?post=25287"}],"version-history":[{"count":25,"href":"https:\/\/cuartoscostarica.com\/pension-bellotas\/wp-json\/wp\/v2\/pages\/25287\/revisions"}],"predecessor-version":[{"id":25628,"href":"https:\/\/cuartoscostarica.com\/pension-bellotas\/wp-json\/wp\/v2\/pages\/25287\/revisions\/25628"}],"wp:attachment":[{"href":"https:\/\/cuartoscostarica.com\/pension-bellotas\/wp-json\/wp\/v2\/media?parent=25287"}],"curies":[{"name":"wp","href":"https:\/\/api.w.org\/{rel}","templated":true}]}}